{"id":160,"date":"2019-10-07T18:59:21","date_gmt":"2019-10-07T16:59:21","guid":{"rendered":"http:\/\/nordheimlauf.de\/?page_id=160"},"modified":"2026-03-17T14:12:03","modified_gmt":"2026-03-17T12:12:03","slug":"infos-zum-lauf","status":"publish","type":"page","link":"https:\/\/nordheimlauf.de\/?page_id=160","title":{"rendered":"Infos zum Lauf 2026"},"content":{"rendered":"\n<p class=\"has-medium-font-size\"><strong>Der Lauf findet am&nbsp;Samstag, den 13. Juni 2026&nbsp;statt.<\/strong><\/p>\n\n\n\n<p><\/p>\n\n\n\n<p class=\"has-medium-font-size\"><strong>Veranstalter des Nordheimlaufs<\/strong><\/p>\n\n\n\n<p>TSV NORDHEIM 1910 e.V., ABT. NORDHEIMLAUF<br>SPORTGEL\u00c4NDE LAUFFENER STRASSE \/ BREIBACH<br>74226 NORDHEIM \/ W\u00dcRTTEMBERG<\/p>\n\n\n\n<p><\/p>\n\n\n\n<p class=\"has-medium-font-size\"><strong>Die L\u00e4ufe<\/strong><\/p>\n\n\n\n<p>Angeboten werden 5 verschiedene L\u00e4ufe:<\/p>\n\n\n\n<div class=\"wp-block-group is-horizontal is-layout-flex wp-block-group-is-layout-flex\">\n<div class=\"wp-block-columns is-layout-flex wp-container-core-columns-is-layout-28f84493 wp-block-columns-is-layout-flex\">\n<div class=\"wp-block-column is-layout-flow wp-block-column-is-layout-flow\" style=\"flex-basis:100%\">\n<div class=\"wp-block-columns is-layout-flex wp-container-core-columns-is-layout-28f84493 wp-block-columns-is-layout-flex\">\n<div class=\"wp-block-column is-layout-flow wp-block-column-is-layout-flow\" style=\"flex-basis:100%\">\n<figure class=\"wp-block-table\"><table><tbody><tr><td><strong>Lauf<\/strong><\/td><td><strong>Geschlecht<\/strong><\/td><td><strong>Jahrg\u00e4nge<\/strong><\/td><td><strong>Alter<\/strong><\/td><\/tr><tr><td>Bambini-Lauf<\/td><td>M + W<\/td><td>JG 2018 und j\u00fcnger<\/td><td>Bis 8 Jahre<\/td><\/tr><tr><td>1 km Para-Lauf<\/td><td>M + W<\/td><td>alle Altersklassen<\/td><td><\/td><\/tr><tr><td>3 km Sch\u00fclerlauf<\/td><td>M + W<\/td><td>JG 2013 bis JG 2018<\/td><td>8 bis 13 Jahre<\/td><\/tr><tr><td>5 km Lauf<\/td><td>M + W<\/td><td>JG 2016 und \u00e4lter<\/td><td>Ab 10 Jahre<\/td><\/tr><tr><td>10 km Lauf<\/td><td>M + W<\/td><td>JG 2012 und \u00e4lter<\/td><td>Ab 14 Jahre<\/td><\/tr><\/tbody><\/table><\/figure>\n<\/div>\n<\/div>\n<\/div>\n<\/div>\n\n\n\n<p><\/p>\n<\/div>\n\n\n\n<p class=\"has-medium-font-size\"><strong>Startzeiten<\/strong><\/p>\n\n\n\n<div class=\"wp-block-group has-global-padding is-layout-constrained wp-block-group-is-layout-constrained\">\n<div class=\"wp-block-columns is-layout-flex wp-container-core-columns-is-layout-28f84493 wp-block-columns-is-layout-flex\">\n<div class=\"wp-block-column is-layout-flow wp-block-column-is-layout-flow\" style=\"flex-basis:50%\">\n<p>14:30 Uhr: Bambinilauf 1 km Jungen<br>14:45 Uhr: Bambinilauf 1 km M\u00e4dchen<\/p>\n\n\n\n<p>15:15 Uhr: 1 km Para-Lauf alle Altersklassen und GdB (Lauf f\u00fcr alle mit k\u00f6rperlicher oder geistiger Beeintr\u00e4chtigung)<br>16:00 Uhr: Sch\u00fclerlauf 3 km<br>17:00 Uhr: Jedermannlauf 5 km<br>18:00 Uhr: Hauptlauf 10 km (2. Lauf im Ensinger-Zaberg\u00e4u-Cup&nbsp;Pfaffenhofen 25.04.26 und<br>Brackenheim)<\/p>\n<\/div>\n<\/div>\n<\/div>\n\n\n\n<p class=\"has-medium-font-size\"><strong>Anmeldung<\/strong><\/p>\n\n\n\n<p>Anmeldung im Online-Portal  <a href=\"https:\/\/nordheimlauf2026.racepedia.de\/\">https:\/\/nordheimlauf2026.racepedia.de\/<\/a> bis Mittwoch 10.06.26 22 Uhr m\u00f6glich.<\/p>\n\n\n\n<p>Anmeldungen sind am Lauftag (13.06.26) bis eine Stunde vor dem jeweiligen Lauf vor Ort m\u00f6glich.<\/p>\n\n\n\n<p class=\"has-medium-font-size\"><strong>Sammelanmeldung<\/strong><\/p>\n\n\n\n<p>F\u00fcr Firmen, Vereine, Schulen, Teams, usw. nutzen Sie hierf\u00fcr bei der Onlineanmeldung die Funktion &#8222;Sammelanmeldung&#8220;<\/p>\n\n\n\n<p class=\"has-medium-font-size\"><strong>Abmeldung<\/strong><\/p>\n\n\n\n<p>Es besteht kein Anspruch auf Erstattung der Startgeb\u00fchr bzw. Gutschrift bei Nichtantritt. Die Abbuchung erfolgt erst, nachdem die Durchf\u00fchrung der Veranstaltung gesichert ist. <\/p>\n\n\n\n<p><\/p>\n\n\n\n<p class=\"has-medium-font-size\"><strong>Streckenverlauf<\/strong><\/p>\n\n\n\n<p>Start- und Ziel&nbsp;auf dem&nbsp;Sportgel\u00e4nde&nbsp;an der Lauffener Stra\u00dfe in Nordheim gegen\u00fcber dem Freibad.<\/p>\n\n\n\n<p>Die Strecke f\u00fchrt \u00fcber 5 und 10 km nach Nordhausen und zur\u00fcck. Die Strecke des Sch\u00fclerlaufes&nbsp;\u00fcber 3 km entspricht der 5 km-Strecke, ohne die Schleife in Nordhausen.&nbsp;Jeder Kurs wird nur einmal gelaufen. Sie ist sehr abwechslungsreich, ganz asphaltiert, ca. 150 H\u00f6henmeter (beim Hauptlauf), mit Streckenposten gesichert und mit km-Beschilderung gekennzeichnet. Start und Ziel befinden sich unmittelbar vor der Sporthalle in Nordheim.&nbsp;Unterwegs und im Ziel sind Versorgungsstationen mit Mineralwasser eingerichtet.<\/p>\n\n\n\n<p><\/p>\n\n\n\n<p class=\"has-medium-font-size\"><strong>Zeitmessung<\/strong><\/p>\n\n\n\n<p>Die Zeitnahme erfolgt durch elektronische Zeitmessung mittels Transponder, der am Schuh befestigt wird. Zeitnahme durch&nbsp;<a href=\"https:\/\/www.time2finish.de\/\"><strong>Time2Finish<\/strong><\/a><strong>.<\/strong>&nbsp;Der Transponder ist nach dem Lauf zur\u00fcck zu geben. Leihkosten sind im Startgeld enthalten.<\/p>\n\n\n\n<p>Die Wertung erfolgt nach der tats\u00e4chlichen Laufzeit (Netto-Zeit).<\/p>\n\n\n\n<p>Nordic Walker werden in den Einlauflisten der jeweiligen L\u00e4ufe mit Ihren Zeiten erfasst, bekommen aber keine Rangliste,&nbsp;da keine vollst\u00e4ndige Strecken\u00fcberwachung m\u00f6glich. Dies entspricht der Empfehlung des WLV.<\/p>\n\n\n\n<p><\/p>\n\n\n\n<p class=\"has-medium-font-size\"><strong>Verpflegung<\/strong><\/p>\n\n\n\n<p>Eigenverpflegung ist nicht erforderlich. Den L\u00e4uferInnen stehen Getr\u00e4nke zur Verf\u00fcgung. Ab 10 km steht noch zus\u00e4tzlich Obst zur Verf\u00fcgung. F\u00fcr weitere Bewirtung ist gesorgt.<\/p>\n\n\n\n<p><\/p>\n\n\n\n<p class=\"has-medium-font-size\"><strong>Startgeb\u00fchren<\/strong><\/p>\n\n\n\n<p>Auch in diesem Jahr unterst\u00fctzt uns die Walter-Amos-Stiftung Brackenheim mit einer gro\u00dfz\u00fcgigen Spende um Kinder und Jugendliche zum Laufen zu animieren, deshalb <strong>verzichtet <\/strong>der NHL auf die Startgeb\u00fchren f\u00fcr Bambini (JG 2018 und j\u00fcnger) von \u20ac5,- und Jugendliche (JG 2008 und j\u00fcnger) von \u20ac7,50 und allen Para-L\u00e4ufern.<\/p>\n\n\n\n<p>5 km \/ 10 km (Erwachsene): \u20ac 12,-<\/p>\n\n\n\n<p><br>Nachmeldungen sind nur am Lauftag ab 13:00 Uhr bis 1 Stunde vor Laufbeginn gegen eine Nachmeldegeb\u00fchr von \u20ac 3,- m\u00f6glich. Nachmeldungen + Startgeb\u00fchr sind bar zu bezahlen.<\/p>\n\n\n\n<p class=\"has-medium-font-size\"><strong>Startnummernausgabe<\/strong><\/p>\n\n\n\n<p>am Samstag, 13.06.26, ab 13:00 Uhr im Foyer der Sporthalle beim Sportgel\u00e4nde.<\/p>\n\n\n\n<p class=\"has-medium-font-size\"><strong>Altersklassen<\/strong><\/p>\n\n\n\n<p>Die Altersklasseneinteilung erfolgt nach den Vorgaben der Deutschen<br>Leichtathletik-Ordnung (<a href=\"https:\/\/www.leichtathletik.de\/fileadmin\/user_upload\/12_Service\/Wettkampforganisation\/01_Bestimmungen_Satzung_Vordrucke\/DLV-Satzungen_Ordn\/DLO.pdf\">DLO<\/a>) 2018. <\/p>\n\n\n\n<p class=\"has-medium-font-size\"><strong>Teamwertung<\/strong><\/p>\n\n\n\n<p>Die drei Mannschaften mit den meisten gelaufenen Kilometern (\u00fcber alle L\u00e4ufe hinweg) erhalten einen Preis.<br><strong>NEU<\/strong>: \u201evier gewinnt\u201c &#8211; verschiedene Teamvarianten innerhalb eines Laufes (nur 5 km und 10 km)<br>Variante 1: Jede Mannschaft mit 4 Personen wird als Team gewertet.<br>Variante 2: Bei mehr als 4 Personen eines Teams werden automatisch nach den schnellsten Laufzeiten Viererteams ermittelt.<br>Variante 3: Es ist eine vorherige Teameinteilung innerhalb einer Mannschaft m\u00f6glich.<\/p>\n\n\n\n<p><strong><a rel=\"noreferrer noopener\" href=\"https:\/\/nordheimlauf.de\/wp-admin\/post.php?post=3927&amp;action=edit\" data-type=\"URL\" data-id=\"https:\/\/nordheimlauf.de\/wp-admin\/post.php?post=3927&amp;action=edit\" target=\"_blank\">Weitere Infos<\/a><\/strong> zu Vier Gewinnt<\/p>\n\n\n\n<p class=\"has-medium-font-size\"><strong>Siegerehrung und Urkunden<\/strong><\/p>\n\n\n\n<p>Bambinil\u00e4ufe, 3 km Sch\u00fclerlauf: Die jeweils Erstplatzierten M\/W werden direkt nach dem jeweiligen Lauf geehrt. <\/p>\n\n\n\n<p>5 km &amp; 10 km (die jeweils Erstplatzierten M\/W) und die Sonderwertung \u00fcber alle L\u00e4ufe finden nach dem 10 km-Lauf statt:<\/p>\n\n\n\n<ul class=\"wp-block-list\">\n<li>Schnellste Nordheimerin und schnellster Nordheimer bei 5 km und 10 km.<\/li>\n\n\n\n<li>&#8222;vier Gewinnt&#8220;: die ersten drei Vierer-Teams \u00fcber 5km und 10km <\/li>\n\n\n\n<li>Die Pr\u00e4mie f\u00fcr einen neuen 10 km-Streckenrekord m\/w betr\u00e4gt jeweils \u20ac100,-<\/li>\n\n\n\n<li>drei gr\u00f6\u00dften Mannschaften \u00fcber alle L\u00e4ufe<\/li>\n\n\n\n<li>Ehrungen f\u00fcr \u00dc70 Teilnehmer (M\/W)<\/li>\n<\/ul>\n\n\n\n<p><\/p>\n\n\n\n<p class=\"has-medium-font-size\"><strong>Preise<\/strong><\/p>\n\n\n\n<p>Jeder Teilnehmer erh\u00e4lt ein Geschenk.<\/p>\n\n\n\n<p><strong>Ergebnislisten<\/strong><\/p>\n\n\n\n<p>Ergebnislisten k\u00f6nnen sofort nach dem Lauf am Zeitmesswagen auf Monitoren eingesehen werden und werden zus\u00e4tzlich sp\u00e4ter ausgeh\u00e4ngt oder sind im Internet abzurufen unter&nbsp;<a href=\"https:\/\/www.nordheimlauf.de\/\">https:\/\/www.nordheimlauf.de\/<\/a>.<\/p>\n\n\n\n<p><strong>Ensinger Zaberg\u00e4u-Cup<\/strong><\/p>\n\n\n\n<p>Aus den Hauptl\u00e4ufen (10 km) in Pfaffenhofen, Nordheim und Brackenheim&nbsp;wird eine Gesamtwertung errechnet, indem die Zeiten addiert werden. Es gibt zwei Altersklassen: unter und \u00fcber 40 Jahre (Frauen\/M\u00e4nner). Jeweils die drei Sieger erhalten Sachpreise\/Pokale am letzten Lauf in Brackenheim.<\/p>\n\n\n\n<p><\/p>\n\n\n\n<p class=\"has-medium-font-size\"><strong>Haftung<\/strong><\/p>\n\n\n\n<p>Der Veranstalter beh\u00e4lt sich das Recht vor, bei unvorhersehbaren Ereignissen eine \u00c4nderung der Laufstrecke vorzunehmen oder bei h\u00f6herer Gewalt den Lauf abzubrechen. Keine Meldegeldr\u00fcckerstattung bei Ausfall durch h\u00f6here Gewalt. Der Lauf ist durch die ARAG-Sportversicherung des WLSB abgesichert. F\u00fcr Diebstahl besteht keine Haftung. Der Teilnehmer stellt die Organisatoren, Vereine und die Gemeinde Nordheim von s\u00e4mtlichen Haftungsanspr\u00fcchen frei, sofern diese nicht durch gesetzliche Haftungsanspr\u00fcche gedeckt sind. Eingeschlossen sind hier auch s\u00e4mtliche Anspr\u00fcche, die der Teilnehmer oder ggf. dessen Erben oder sonstige Dritte aufgrund von erlittenen Verletzungen oder im Todesfall geltend machen k\u00f6nnten.<\/p>\n\n\n\n<p><\/p>\n\n\n\n<p class=\"has-medium-font-size\"><strong>Fotos<\/strong><\/p>\n\n\n\n<p>Mit der Ver\u00f6ffentlichung von w\u00e4hrend der Veranstaltung aufgenommenen Fotos erkl\u00e4ren sich die Teilnehmer durch ihre Anmeldung einverstanden.<\/p>\n","protected":false},"excerpt":{"rendered":"<p>Der Lauf findet am&nbsp;Samstag, den 13. Juni 2026&nbsp;statt. Veranstalter des Nordheimlaufs TSV NORDHEIM 1910 e.V., ABT. NORDHEIMLAUFSPORTGEL\u00c4NDE LAUFFENER STRASSE \/ BREIBACH74226 NORDHEIM [&hellip;]<\/p>\n","protected":false},"author":1,"featured_media":0,"parent":0,"menu_order":0,"comment_status":"closed","ping_status":"closed","template":"","meta":{"footnotes":""},"class_list":["post-160","page","type-page","status-publish","hentry"],"_links":{"self":[{"href":"https:\/\/nordheimlauf.de\/index.php?rest_route=\/wp\/v2\/pages\/160","targetHints":{"allow":["GET"]}}],"collection":[{"href":"https:\/\/nordheimlauf.de\/index.php?rest_route=\/wp\/v2\/pages"}],"about":[{"href":"https:\/\/nordheimlauf.de\/index.php?rest_route=\/wp\/v2\/types\/page"}],"author":[{"embeddable":true,"href":"https:\/\/nordheimlauf.de\/index.php?rest_route=\/wp\/v2\/users\/1"}],"replies":[{"embeddable":true,"href":"https:\/\/nordheimlauf.de\/index.php?rest_route=%2Fwp%2Fv2%2Fcomments&post=160"}],"version-history":[{"count":62,"href":"https:\/\/nordheimlauf.de\/index.php?rest_route=\/wp\/v2\/pages\/160\/revisions"}],"predecessor-version":[{"id":6271,"href":"https:\/\/nordheimlauf.de\/index.php?rest_route=\/wp\/v2\/pages\/160\/revisions\/6271"}],"wp:attachment":[{"href":"https:\/\/nordheimlauf.de\/index.php?rest_route=%2Fwp%2Fv2%2Fmedia&parent=160"}],"curies":[{"name":"wp","href":"https:\/\/api.w.org\/{rel}","templated":true}]}}