{"id":4782,"date":"2024-02-19T10:54:25","date_gmt":"2024-02-19T08:54:25","guid":{"rendered":"https:\/\/nordheimlauf.de\/?page_id=4782"},"modified":"2024-03-08T12:22:14","modified_gmt":"2024-03-08T10:22:14","slug":"1-km-para-lauf","status":"publish","type":"page","link":"https:\/\/nordheimlauf.de\/?page_id=4782","title":{"rendered":"1 Km Para-Lauf"},"content":{"rendered":"\n<p>1 Km Para-Lauf f\u00fcr alle Altersklassen und GdB &#8211; Lauf f\u00fcr alle mit k\u00f6rperlicher oder geistiger Beeintr\u00e4chtigung <\/p>\n\n\n\n<p>Informationen: <\/p>\n\n\n\n<ul class=\"wp-block-list\">\n<li>Begleitpersonen sind f\u00fcr den Para-Lauf erlaubt <\/li>\n\n\n\n<li>Jede\/r L\u00e4ufer\/in erh\u00e4lt eine Startnummer <\/li>\n\n\n\n<li>Bitte beachten Sie, dass es keine Transponder oder Zeitnahme gibt. Dennoch wird jeder Ziel-Einl\u00e4ufer als Sieger gewertet und erh\u00e4lt eine Medaille<\/li>\n\n\n\n<li>Separate Umkleidekabinen stehen zur Verf\u00fcgung \n<ul class=\"wp-block-list\">\n<li>Vor-Ort Wickelm\u00f6glichkeiten vorhanden. Hier k\u00f6nnen auch gr\u00f6\u00dfere Personen gepflegt werden (wird entsprechend ausgeschrieben)<\/li>\n<\/ul>\n<\/li>\n\n\n\n<li>Es gibt keine Behindertenparkpl\u00e4tze vor Ort. Bitte nutzen Sie die regul\u00e4ren Parkm\u00f6glichkeiten<\/li>\n<\/ul>\n\n\n\n<p>Start: 15:15 Uhr &#8211; alle weiteren Informationen finden Sie unter <a href=\"https:\/\/nordheimlauf.de\/?page_id=160\" data-type=\"link\" data-id=\"https:\/\/nordheimlauf.de\/?page_id=160\">Infos zum Lauf<\/a>. <\/p>\n\n\n\n<p>Bei weiteren Fragen stehen wir Ihnen gerne \u00fcber unser Kontaktformular oder per E-Mail unter info@nordheimlauf.de zur Verf\u00fcgung.<\/p>\n\n\n\n<p>Streckenbeschreibung: Folge den <strong>roten Pfeilen <\/strong><\/p>\n\n\n\n<figure class=\"wp-block-image size-large is-resized\"><img loading=\"lazy\" decoding=\"async\" width=\"768\" height=\"1024\" src=\"https:\/\/nordheimlauf.de\/wp-content\/uploads\/2024\/03\/eaaa2f02-4c7a-41ac-aefb-e4607b0cb47f-768x1024.jpg\" alt=\"\" class=\"wp-image-4799\" style=\"width:378px;height:auto\" srcset=\"https:\/\/nordheimlauf.de\/wp-content\/uploads\/2024\/03\/eaaa2f02-4c7a-41ac-aefb-e4607b0cb47f-768x1024.jpg 768w, https:\/\/nordheimlauf.de\/wp-content\/uploads\/2024\/03\/eaaa2f02-4c7a-41ac-aefb-e4607b0cb47f-225x300.jpg 225w, https:\/\/nordheimlauf.de\/wp-content\/uploads\/2024\/03\/eaaa2f02-4c7a-41ac-aefb-e4607b0cb47f-1152x1536.jpg 1152w, https:\/\/nordheimlauf.de\/wp-content\/uploads\/2024\/03\/eaaa2f02-4c7a-41ac-aefb-e4607b0cb47f-1000x1333.jpg 1000w, https:\/\/nordheimlauf.de\/wp-content\/uploads\/2024\/03\/eaaa2f02-4c7a-41ac-aefb-e4607b0cb47f-230x307.jpg 230w, https:\/\/nordheimlauf.de\/wp-content\/uploads\/2024\/03\/eaaa2f02-4c7a-41ac-aefb-e4607b0cb47f-350x467.jpg 350w, https:\/\/nordheimlauf.de\/wp-content\/uploads\/2024\/03\/eaaa2f02-4c7a-41ac-aefb-e4607b0cb47f-480x640.jpg 480w, https:\/\/nordheimlauf.de\/wp-content\/uploads\/2024\/03\/eaaa2f02-4c7a-41ac-aefb-e4607b0cb47f.jpg 1200w\" sizes=\"auto, (max-width: 768px) 100vw, 768px\" \/><figcaption class=\"wp-element-caption\">Am Start befinden sich zwei leichte Erh\u00f6hungen <\/figcaption><\/figure>\n\n\n\n<figure class=\"wp-block-image size-large is-resized\"><img loading=\"lazy\" decoding=\"async\" width=\"768\" height=\"1024\" src=\"https:\/\/nordheimlauf.de\/wp-content\/uploads\/2024\/03\/d6255d77-e45b-44f8-98b6-246de92cb4ac-768x1024.jpg\" alt=\"\" class=\"wp-image-4798\" style=\"width:382px;height:auto\" srcset=\"https:\/\/nordheimlauf.de\/wp-content\/uploads\/2024\/03\/d6255d77-e45b-44f8-98b6-246de92cb4ac-768x1024.jpg 768w, https:\/\/nordheimlauf.de\/wp-content\/uploads\/2024\/03\/d6255d77-e45b-44f8-98b6-246de92cb4ac-225x300.jpg 225w, https:\/\/nordheimlauf.de\/wp-content\/uploads\/2024\/03\/d6255d77-e45b-44f8-98b6-246de92cb4ac-1152x1536.jpg 1152w, https:\/\/nordheimlauf.de\/wp-content\/uploads\/2024\/03\/d6255d77-e45b-44f8-98b6-246de92cb4ac-1000x1333.jpg 1000w, https:\/\/nordheimlauf.de\/wp-content\/uploads\/2024\/03\/d6255d77-e45b-44f8-98b6-246de92cb4ac-230x307.jpg 230w, https:\/\/nordheimlauf.de\/wp-content\/uploads\/2024\/03\/d6255d77-e45b-44f8-98b6-246de92cb4ac-350x467.jpg 350w, https:\/\/nordheimlauf.de\/wp-content\/uploads\/2024\/03\/d6255d77-e45b-44f8-98b6-246de92cb4ac-480x640.jpg 480w, https:\/\/nordheimlauf.de\/wp-content\/uploads\/2024\/03\/d6255d77-e45b-44f8-98b6-246de92cb4ac.jpg 1200w\" sizes=\"auto, (max-width: 768px) 100vw, 768px\" \/><figcaption class=\"wp-element-caption\">Kleiner Anstieg (Sicht bergab) <\/figcaption><\/figure>\n\n\n\n<figure class=\"wp-block-image size-large is-resized\"><img loading=\"lazy\" decoding=\"async\" width=\"768\" height=\"1024\" src=\"https:\/\/nordheimlauf.de\/wp-content\/uploads\/2024\/03\/fc3b0302-4133-4f98-a51b-713dd607f4d5-768x1024.jpg\" alt=\"\" class=\"wp-image-4800\" style=\"width:387px;height:auto\" srcset=\"https:\/\/nordheimlauf.de\/wp-content\/uploads\/2024\/03\/fc3b0302-4133-4f98-a51b-713dd607f4d5-768x1024.jpg 768w, https:\/\/nordheimlauf.de\/wp-content\/uploads\/2024\/03\/fc3b0302-4133-4f98-a51b-713dd607f4d5-225x300.jpg 225w, https:\/\/nordheimlauf.de\/wp-content\/uploads\/2024\/03\/fc3b0302-4133-4f98-a51b-713dd607f4d5-1152x1536.jpg 1152w, https:\/\/nordheimlauf.de\/wp-content\/uploads\/2024\/03\/fc3b0302-4133-4f98-a51b-713dd607f4d5-1000x1333.jpg 1000w, https:\/\/nordheimlauf.de\/wp-content\/uploads\/2024\/03\/fc3b0302-4133-4f98-a51b-713dd607f4d5-230x307.jpg 230w, https:\/\/nordheimlauf.de\/wp-content\/uploads\/2024\/03\/fc3b0302-4133-4f98-a51b-713dd607f4d5-350x467.jpg 350w, https:\/\/nordheimlauf.de\/wp-content\/uploads\/2024\/03\/fc3b0302-4133-4f98-a51b-713dd607f4d5-480x640.jpg 480w, https:\/\/nordheimlauf.de\/wp-content\/uploads\/2024\/03\/fc3b0302-4133-4f98-a51b-713dd607f4d5.jpg 1200w\" sizes=\"auto, (max-width: 768px) 100vw, 768px\" \/><figcaption class=\"wp-element-caption\">L\u00e4ngerer steiler Anstieg (Sicht bergab)<\/figcaption><\/figure>\n\n\n\n<div class=\"wp-block-columns is-layout-flex wp-container-core-columns-is-layout-28f84493 wp-block-columns-is-layout-flex\">\n<div class=\"wp-block-column is-layout-flow wp-block-column-is-layout-flow\" style=\"flex-basis:100%\">\n<figure class=\"wp-block-image size-large is-resized\"><img loading=\"lazy\" decoding=\"async\" width=\"768\" height=\"1024\" src=\"https:\/\/nordheimlauf.de\/wp-content\/uploads\/2024\/03\/96ee2b45-c034-4f7f-953f-e8030cb18927-768x1024.jpg\" alt=\"\" class=\"wp-image-4795\" style=\"width:390px;height:auto\" srcset=\"https:\/\/nordheimlauf.de\/wp-content\/uploads\/2024\/03\/96ee2b45-c034-4f7f-953f-e8030cb18927-768x1024.jpg 768w, https:\/\/nordheimlauf.de\/wp-content\/uploads\/2024\/03\/96ee2b45-c034-4f7f-953f-e8030cb18927-225x300.jpg 225w, https:\/\/nordheimlauf.de\/wp-content\/uploads\/2024\/03\/96ee2b45-c034-4f7f-953f-e8030cb18927-1152x1536.jpg 1152w, https:\/\/nordheimlauf.de\/wp-content\/uploads\/2024\/03\/96ee2b45-c034-4f7f-953f-e8030cb18927-1000x1333.jpg 1000w, https:\/\/nordheimlauf.de\/wp-content\/uploads\/2024\/03\/96ee2b45-c034-4f7f-953f-e8030cb18927-230x307.jpg 230w, https:\/\/nordheimlauf.de\/wp-content\/uploads\/2024\/03\/96ee2b45-c034-4f7f-953f-e8030cb18927-350x467.jpg 350w, https:\/\/nordheimlauf.de\/wp-content\/uploads\/2024\/03\/96ee2b45-c034-4f7f-953f-e8030cb18927-480x640.jpg 480w, https:\/\/nordheimlauf.de\/wp-content\/uploads\/2024\/03\/96ee2b45-c034-4f7f-953f-e8030cb18927.jpg 1200w\" sizes=\"auto, (max-width: 768px) 100vw, 768px\" \/><figcaption class=\"wp-element-caption\">Nach Anstieg sind zwei Bordsteine vorhanden <\/figcaption><\/figure>\n<\/div>\n<\/div>\n\n\n\n<figure class=\"wp-block-image size-large is-resized\"><img loading=\"lazy\" decoding=\"async\" width=\"768\" height=\"1024\" src=\"https:\/\/nordheimlauf.de\/wp-content\/uploads\/2024\/03\/5cc7062c-9b2a-45f6-b8b1-1dba27196ea6-768x1024.jpg\" alt=\"\" class=\"wp-image-4793\" style=\"width:394px;height:auto\" srcset=\"https:\/\/nordheimlauf.de\/wp-content\/uploads\/2024\/03\/5cc7062c-9b2a-45f6-b8b1-1dba27196ea6-768x1024.jpg 768w, https:\/\/nordheimlauf.de\/wp-content\/uploads\/2024\/03\/5cc7062c-9b2a-45f6-b8b1-1dba27196ea6-225x300.jpg 225w, https:\/\/nordheimlauf.de\/wp-content\/uploads\/2024\/03\/5cc7062c-9b2a-45f6-b8b1-1dba27196ea6-1152x1536.jpg 1152w, https:\/\/nordheimlauf.de\/wp-content\/uploads\/2024\/03\/5cc7062c-9b2a-45f6-b8b1-1dba27196ea6-1000x1333.jpg 1000w, https:\/\/nordheimlauf.de\/wp-content\/uploads\/2024\/03\/5cc7062c-9b2a-45f6-b8b1-1dba27196ea6-230x307.jpg 230w, https:\/\/nordheimlauf.de\/wp-content\/uploads\/2024\/03\/5cc7062c-9b2a-45f6-b8b1-1dba27196ea6-350x467.jpg 350w, https:\/\/nordheimlauf.de\/wp-content\/uploads\/2024\/03\/5cc7062c-9b2a-45f6-b8b1-1dba27196ea6-480x640.jpg 480w, https:\/\/nordheimlauf.de\/wp-content\/uploads\/2024\/03\/5cc7062c-9b2a-45f6-b8b1-1dba27196ea6.jpg 1200w\" sizes=\"auto, (max-width: 768px) 100vw, 768px\" \/><figcaption class=\"wp-element-caption\">l\u00e4ngere Strecke abw\u00e4rts (Sicht bergab)<\/figcaption><\/figure>\n\n\n\n<figure class=\"wp-block-image size-large is-resized\"><img loading=\"lazy\" decoding=\"async\" width=\"768\" height=\"1024\" src=\"https:\/\/nordheimlauf.de\/wp-content\/uploads\/2024\/03\/b2c82dd9-a91c-4839-bb90-ad96b5737e37-768x1024.jpg\" alt=\"\" class=\"wp-image-4797\" style=\"width:398px;height:auto\" srcset=\"https:\/\/nordheimlauf.de\/wp-content\/uploads\/2024\/03\/b2c82dd9-a91c-4839-bb90-ad96b5737e37-768x1024.jpg 768w, https:\/\/nordheimlauf.de\/wp-content\/uploads\/2024\/03\/b2c82dd9-a91c-4839-bb90-ad96b5737e37-225x300.jpg 225w, https:\/\/nordheimlauf.de\/wp-content\/uploads\/2024\/03\/b2c82dd9-a91c-4839-bb90-ad96b5737e37-1152x1536.jpg 1152w, https:\/\/nordheimlauf.de\/wp-content\/uploads\/2024\/03\/b2c82dd9-a91c-4839-bb90-ad96b5737e37-1000x1333.jpg 1000w, https:\/\/nordheimlauf.de\/wp-content\/uploads\/2024\/03\/b2c82dd9-a91c-4839-bb90-ad96b5737e37-230x307.jpg 230w, https:\/\/nordheimlauf.de\/wp-content\/uploads\/2024\/03\/b2c82dd9-a91c-4839-bb90-ad96b5737e37-350x467.jpg 350w, https:\/\/nordheimlauf.de\/wp-content\/uploads\/2024\/03\/b2c82dd9-a91c-4839-bb90-ad96b5737e37-480x640.jpg 480w, https:\/\/nordheimlauf.de\/wp-content\/uploads\/2024\/03\/b2c82dd9-a91c-4839-bb90-ad96b5737e37.jpg 1200w\" sizes=\"auto, (max-width: 768px) 100vw, 768px\" \/><\/figure>\n\n\n\n<p>k\u00fcrzere Strecke abw\u00e4rts (Sicht bergauf)<\/p>\n","protected":false},"excerpt":{"rendered":"<p>1 Km Para-Lauf f\u00fcr alle Altersklassen und GdB &#8211; Lauf f\u00fcr alle mit k\u00f6rperlicher oder geistiger Beeintr\u00e4chtigung Informationen: Start: 15:15 Uhr &#8211; [&hellip;]<\/p>\n","protected":false},"author":2,"featured_media":0,"parent":0,"menu_order":0,"comment_status":"closed","ping_status":"closed","template":"","meta":{"footnotes":""},"class_list":["post-4782","page","type-page","status-publish","hentry"],"_links":{"self":[{"href":"https:\/\/nordheimlauf.de\/index.php?rest_route=\/wp\/v2\/pages\/4782","targetHints":{"allow":["GET"]}}],"collection":[{"href":"https:\/\/nordheimlauf.de\/index.php?rest_route=\/wp\/v2\/pages"}],"about":[{"href":"https:\/\/nordheimlauf.de\/index.php?rest_route=\/wp\/v2\/types\/page"}],"author":[{"embeddable":true,"href":"https:\/\/nordheimlauf.de\/index.php?rest_route=\/wp\/v2\/users\/2"}],"replies":[{"embeddable":true,"href":"https:\/\/nordheimlauf.de\/index.php?rest_route=%2Fwp%2Fv2%2Fcomments&post=4782"}],"version-history":[{"count":8,"href":"https:\/\/nordheimlauf.de\/index.php?rest_route=\/wp\/v2\/pages\/4782\/revisions"}],"predecessor-version":[{"id":4806,"href":"https:\/\/nordheimlauf.de\/index.php?rest_route=\/wp\/v2\/pages\/4782\/revisions\/4806"}],"wp:attachment":[{"href":"https:\/\/nordheimlauf.de\/index.php?rest_route=%2Fwp%2Fv2%2Fmedia&parent=4782"}],"curies":[{"name":"wp","href":"https:\/\/api.w.org\/{rel}","templated":true}]}}