{"id":6309,"date":"2026-05-11T17:46:02","date_gmt":"2026-05-11T15:46:02","guid":{"rendered":"https:\/\/nordheimlauf.de\/?page_id=6309"},"modified":"2026-05-12T14:22:47","modified_gmt":"2026-05-12T12:22:47","slug":"25-jahre-nordheimlauf","status":"publish","type":"page","link":"https:\/\/nordheimlauf.de\/?page_id=6309","title":{"rendered":"25 Jahre Nordheimlauf"},"content":{"rendered":"\n<p>Wir feiern in diesem Jahr 25 Jahre Nordheimlauf \u2013 und darauf sind wir m\u00e4chtig stolz! <\/p>\n\n\n\n<p>Seit vielen Jahren sind wir Teil dieses besonderen Events und freuen uns jedes Jahr aufs Neue \u00fcber die tolle Atmosph\u00e4re, die sportliche Gemeinschaft und die vielen bekannten Gesichter.<\/p>\n\n\n\n<p>Zum 25-j\u00e4hrigen Bestehen d\u00fcrfen sich Besucher und Teilnehmende auf einige besondere Highlights freuen. Neben den L\u00e4ufen selbst sind kleine Jubil\u00e4umsaktionen geplant, die den Tag zu einem Erlebnis f\u00fcr die ganze Familie machen sollen. Auch f\u00fcr das leibliche Wohl ist wie gewohnt bestens gesorgt:<\/p>\n\n\n\n<p><strong>Als kleines Dankesch\u00f6n erhaltet Ihr in diesem Jubil\u00e4umsjahr einen Essensgutschein im Wert von 2,50 \u20ac \u2013 passend zu den 25 Jahren Nordheimlauf. <\/strong><\/p>\n\n\n\n<p><br>F\u00fcr die Bewirtung sorgt traditionell der TSV Nordheim mit einem engagierten Team von ehrenamtlichen Helferinnen und Helfern. In der Vergangenheit zeigte sich dabei immer wieder, wie gro\u00df das Interesse nicht nur bei den Aktiven, sondern auch bei den Besucherinnen und Besuchern ist \u2013 zeitweise war das kulinarische Angebot sogar schneller vergriffen als geplant.<br>Doch zum 25-j\u00e4hrigen Jubil\u00e4um sind wir bestens vorbereitet: \u201eIn diesem Jahr wird definitiv genug f\u00fcr alle da sein!\u201c. Die Planungen wurden entsprechend angepasst, sodass sich sowohl L\u00e4ufer als auch G\u00e4ste auf ein rundum gelungenes Fest freuen d\u00fcrfen!<\/p>\n\n\n\n<figure class=\"wp-block-image size-large\"><img loading=\"lazy\" decoding=\"async\" width=\"1024\" height=\"437\" src=\"https:\/\/nordheimlauf.de\/wp-content\/uploads\/2026\/05\/1-1024x437.png\" alt=\"\" class=\"wp-image-6314\" srcset=\"https:\/\/nordheimlauf.de\/wp-content\/uploads\/2026\/05\/1-1024x437.png 1024w, https:\/\/nordheimlauf.de\/wp-content\/uploads\/2026\/05\/1-300x128.png 300w, https:\/\/nordheimlauf.de\/wp-content\/uploads\/2026\/05\/1-768x328.png 768w, https:\/\/nordheimlauf.de\/wp-content\/uploads\/2026\/05\/1-1536x656.png 1536w, https:\/\/nordheimlauf.de\/wp-content\/uploads\/2026\/05\/1-1000x427.png 1000w, https:\/\/nordheimlauf.de\/wp-content\/uploads\/2026\/05\/1-230x98.png 230w, https:\/\/nordheimlauf.de\/wp-content\/uploads\/2026\/05\/1-350x149.png 350w, https:\/\/nordheimlauf.de\/wp-content\/uploads\/2026\/05\/1-480x205.png 480w, https:\/\/nordheimlauf.de\/wp-content\/uploads\/2026\/05\/1.png 1920w\" sizes=\"auto, (max-width: 1024px) 100vw, 1024px\" \/><\/figure>\n","protected":false},"excerpt":{"rendered":"<p>Wir feiern in diesem Jahr 25 Jahre Nordheimlauf \u2013 und darauf sind wir m\u00e4chtig stolz! Seit vielen Jahren sind wir Teil dieses [&hellip;]<\/p>\n","protected":false},"author":2,"featured_media":0,"parent":0,"menu_order":0,"comment_status":"closed","ping_status":"closed","template":"","meta":{"footnotes":""},"class_list":["post-6309","page","type-page","status-publish","hentry"],"_links":{"self":[{"href":"https:\/\/nordheimlauf.de\/index.php?rest_route=\/wp\/v2\/pages\/6309","targetHints":{"allow":["GET"]}}],"collection":[{"href":"https:\/\/nordheimlauf.de\/index.php?rest_route=\/wp\/v2\/pages"}],"about":[{"href":"https:\/\/nordheimlauf.de\/index.php?rest_route=\/wp\/v2\/types\/page"}],"author":[{"embeddable":true,"href":"https:\/\/nordheimlauf.de\/index.php?rest_route=\/wp\/v2\/users\/2"}],"replies":[{"embeddable":true,"href":"https:\/\/nordheimlauf.de\/index.php?rest_route=%2Fwp%2Fv2%2Fcomments&post=6309"}],"version-history":[{"count":3,"href":"https:\/\/nordheimlauf.de\/index.php?rest_route=\/wp\/v2\/pages\/6309\/revisions"}],"predecessor-version":[{"id":6320,"href":"https:\/\/nordheimlauf.de\/index.php?rest_route=\/wp\/v2\/pages\/6309\/revisions\/6320"}],"wp:attachment":[{"href":"https:\/\/nordheimlauf.de\/index.php?rest_route=%2Fwp%2Fv2%2Fmedia&parent=6309"}],"curies":[{"name":"wp","href":"https:\/\/api.w.org\/{rel}","templated":true}]}}